{"id":1356,"date":"2016-03-24T10:17:49","date_gmt":"2016-03-24T09:17:49","guid":{"rendered":"https:\/\/www.wattworld.ch\/partage-velos-electriques-suisse\/partage-velos-electriques-mobility-parc\/?lang=en"},"modified":"2021-02-23T15:40:31","modified_gmt":"2021-02-23T14:40:31","slug":"partage-velos-electriques-mobility-parc","status":"publish","type":"page","link":"https:\/\/www.wattworld.ch\/en\/partage-velos-electriques-suisse\/partage-velos-electriques-mobility-parc\/","title":{"rendered":"Mobility bikes"},"content":{"rendered":"<div class=\"wpb-content-wrapper\">[vc_row][vc_column][vc_column_text]Supported by more than 10 years of experience in the development and production of electric bikes, WattWorld offers with its \u2018Mobility\u2019 model a bike that is adapted to a shared use, that is to say an elegant, simple and solid bike.<\/p>\n<p>The Mobility Bike is fitted with equipment that ensures at once security, comfort and prevention against theft and depredation. This bike can be customised in the colours of a city or a company. Some of the components can be chosen according to the type of use expected.\u2019<\/p>\n<p>&nbsp;<\/p>\n[\/vc_column_text][\/vc_column][\/vc_row][vc_row][vc_column][vc_images_carousel images=&#8221;3399,3397,3395,3393,3391&#8243; img_size=&#8221;full&#8221;][\/vc_column][\/vc_row][vc_row][vc_column][vc_column_text]\n<h4 style=\"text-align: center;\">\u00ab Adapting an existing fleet \u00bb<\/h4>\n<p style=\"text-align: center;\">Subject to technical conditions and always provided that the fleet is homogeneous, it\u2019s possible to adapt to the Mobility Parc\u2019s terminals some existing e-bike fleets even those produced by other brands and with different motorisation types. It\u2019s also possible to use traditional bikes. In both these cases, our engineers will make a feasibility study beforehand.<\/p>\n<p>\u00a0[\/vc_column_text][\/vc_column][\/vc_row][vc_row][vc_column][vc_single_image image=&#8221;2107&#8243; img_size=&#8221;full&#8221; alignment=&#8221;center&#8221;][\/vc_column][\/vc_row]\n<\/div>","protected":false},"excerpt":{"rendered":"<p>[vc_row][vc_column][vc_column_text]Supported by more than 10 years of experience in the development and production of electric bikes, WattWorld offers with its \u2018Mobility\u2019 model a bike that is adapted to a shared use, that is to say an elegant, simple and solid bike. The Mobility Bike is fitted with equipment that ensures at once security, comfort and [&hellip;]<\/p>\n","protected":false},"author":2,"featured_media":0,"parent":1354,"menu_order":0,"comment_status":"closed","ping_status":"closed","template":"","meta":{"footnotes":""},"class_list":["post-1356","page","type-page","status-publish","hentry"],"yoast_head":"<!-- This site is optimized with the Yoast SEO plugin v27.4 - https:\/\/yoast.com\/product\/yoast-seo-wordpress\/ -->\n<title>Wattworld | Bike Sharing with Mobility Parc Geneva<\/title>\n<meta name=\"description\" content=\"Use the bike sharing with Mobility Parc in Geneva Switzerland and enjoy your trip !\" \/>\n<meta name=\"robots\" content=\"index, follow, max-snippet:-1, max-image-preview:large, max-video-preview:-1\" \/>\n<link rel=\"canonical\" href=\"https:\/\/www.wattworld.ch\/en\/partage-velos-electriques-suisse\/partage-velos-electriques-mobility-parc\/\" \/>\n<meta property=\"og:locale\" content=\"en_US\" \/>\n<meta property=\"og:type\" content=\"article\" \/>\n<meta property=\"og:title\" content=\"Wattworld | Bike Sharing with Mobility Parc Geneva\" \/>\n<meta property=\"og:description\" content=\"Use the bike sharing with Mobility Parc in Geneva Switzerland and enjoy your trip !\" \/>\n<meta property=\"og:url\" content=\"https:\/\/www.wattworld.ch\/en\/partage-velos-electriques-suisse\/partage-velos-electriques-mobility-parc\/\" \/>\n<meta property=\"og:site_name\" content=\"Wattworld\" \/>\n<meta property=\"article:modified_time\" content=\"2021-02-23T14:40:31+00:00\" \/>\n<meta name=\"twitter:card\" content=\"summary_large_image\" \/>\n<meta name=\"twitter:label1\" content=\"Est. reading time\" \/>\n\t<meta name=\"twitter:data1\" content=\"1 minute\" \/>\n<script type=\"application\/ld+json\" class=\"yoast-schema-graph\">{\"@context\":\"https:\\\/\\\/schema.org\",\"@graph\":[{\"@type\":\"WebPage\",\"@id\":\"https:\\\/\\\/www.wattworld.ch\\\/en\\\/partage-velos-electriques-suisse\\\/partage-velos-electriques-mobility-parc\\\/\",\"url\":\"https:\\\/\\\/www.wattworld.ch\\\/en\\\/partage-velos-electriques-suisse\\\/partage-velos-electriques-mobility-parc\\\/\",\"name\":\"Wattworld | Bike Sharing with Mobility Parc Geneva\",\"isPartOf\":{\"@id\":\"https:\\\/\\\/www.wattworld.ch\\\/#website\"},\"datePublished\":\"2016-03-24T09:17:49+00:00\",\"dateModified\":\"2021-02-23T14:40:31+00:00\",\"description\":\"Use the bike sharing with Mobility Parc in Geneva Switzerland and enjoy your trip !\",\"breadcrumb\":{\"@id\":\"https:\\\/\\\/www.wattworld.ch\\\/en\\\/partage-velos-electriques-suisse\\\/partage-velos-electriques-mobility-parc\\\/#breadcrumb\"},\"inLanguage\":\"en-US\",\"potentialAction\":[{\"@type\":\"ReadAction\",\"target\":[\"https:\\\/\\\/www.wattworld.ch\\\/en\\\/partage-velos-electriques-suisse\\\/partage-velos-electriques-mobility-parc\\\/\"]}]},{\"@type\":\"BreadcrumbList\",\"@id\":\"https:\\\/\\\/www.wattworld.ch\\\/en\\\/partage-velos-electriques-suisse\\\/partage-velos-electriques-mobility-parc\\\/#breadcrumb\",\"itemListElement\":[{\"@type\":\"ListItem\",\"position\":1,\"name\":\"Accueil\",\"item\":\"https:\\\/\\\/www.wattworld.ch\\\/en\\\/\"},{\"@type\":\"ListItem\",\"position\":2,\"name\":\"System\",\"item\":\"https:\\\/\\\/www.wattworld.ch\\\/en\\\/partage-velos-electriques-suisse\\\/\"},{\"@type\":\"ListItem\",\"position\":3,\"name\":\"Mobility bikes\"}]},{\"@type\":\"WebSite\",\"@id\":\"https:\\\/\\\/www.wattworld.ch\\\/#website\",\"url\":\"https:\\\/\\\/www.wattworld.ch\\\/\",\"name\":\"Wattworld\",\"description\":\"Sp\u00e9cialiste du v\u00e9lo \u00e9lectrique \u00e0 Gen\u00e8ve\",\"potentialAction\":[{\"@type\":\"SearchAction\",\"target\":{\"@type\":\"EntryPoint\",\"urlTemplate\":\"https:\\\/\\\/www.wattworld.ch\\\/?s={search_term_string}\"},\"query-input\":{\"@type\":\"PropertyValueSpecification\",\"valueRequired\":true,\"valueName\":\"search_term_string\"}}],\"inLanguage\":\"en-US\"}]}<\/script>\n<!-- \/ Yoast SEO plugin. -->","yoast_head_json":{"title":"Wattworld | Bike Sharing with Mobility Parc Geneva","description":"Use the bike sharing with Mobility Parc in Geneva Switzerland and enjoy your trip !","robots":{"index":"index","follow":"follow","max-snippet":"max-snippet:-1","max-image-preview":"max-image-preview:large","max-video-preview":"max-video-preview:-1"},"canonical":"https:\/\/www.wattworld.ch\/en\/partage-velos-electriques-suisse\/partage-velos-electriques-mobility-parc\/","og_locale":"en_US","og_type":"article","og_title":"Wattworld | Bike Sharing with Mobility Parc Geneva","og_description":"Use the bike sharing with Mobility Parc in Geneva Switzerland and enjoy your trip !","og_url":"https:\/\/www.wattworld.ch\/en\/partage-velos-electriques-suisse\/partage-velos-electriques-mobility-parc\/","og_site_name":"Wattworld","article_modified_time":"2021-02-23T14:40:31+00:00","twitter_card":"summary_large_image","twitter_misc":{"Est. reading time":"1 minute"},"schema":{"@context":"https:\/\/schema.org","@graph":[{"@type":"WebPage","@id":"https:\/\/www.wattworld.ch\/en\/partage-velos-electriques-suisse\/partage-velos-electriques-mobility-parc\/","url":"https:\/\/www.wattworld.ch\/en\/partage-velos-electriques-suisse\/partage-velos-electriques-mobility-parc\/","name":"Wattworld | Bike Sharing with Mobility Parc Geneva","isPartOf":{"@id":"https:\/\/www.wattworld.ch\/#website"},"datePublished":"2016-03-24T09:17:49+00:00","dateModified":"2021-02-23T14:40:31+00:00","description":"Use the bike sharing with Mobility Parc in Geneva Switzerland and enjoy your trip !","breadcrumb":{"@id":"https:\/\/www.wattworld.ch\/en\/partage-velos-electriques-suisse\/partage-velos-electriques-mobility-parc\/#breadcrumb"},"inLanguage":"en-US","potentialAction":[{"@type":"ReadAction","target":["https:\/\/www.wattworld.ch\/en\/partage-velos-electriques-suisse\/partage-velos-electriques-mobility-parc\/"]}]},{"@type":"BreadcrumbList","@id":"https:\/\/www.wattworld.ch\/en\/partage-velos-electriques-suisse\/partage-velos-electriques-mobility-parc\/#breadcrumb","itemListElement":[{"@type":"ListItem","position":1,"name":"Accueil","item":"https:\/\/www.wattworld.ch\/en\/"},{"@type":"ListItem","position":2,"name":"System","item":"https:\/\/www.wattworld.ch\/en\/partage-velos-electriques-suisse\/"},{"@type":"ListItem","position":3,"name":"Mobility bikes"}]},{"@type":"WebSite","@id":"https:\/\/www.wattworld.ch\/#website","url":"https:\/\/www.wattworld.ch\/","name":"Wattworld","description":"Sp\u00e9cialiste du v\u00e9lo \u00e9lectrique \u00e0 Gen\u00e8ve","potentialAction":[{"@type":"SearchAction","target":{"@type":"EntryPoint","urlTemplate":"https:\/\/www.wattworld.ch\/?s={search_term_string}"},"query-input":{"@type":"PropertyValueSpecification","valueRequired":true,"valueName":"search_term_string"}}],"inLanguage":"en-US"}]}},"_links":{"self":[{"href":"https:\/\/www.wattworld.ch\/en\/wp-json\/wp\/v2\/pages\/1356","targetHints":{"allow":["GET"]}}],"collection":[{"href":"https:\/\/www.wattworld.ch\/en\/wp-json\/wp\/v2\/pages"}],"about":[{"href":"https:\/\/www.wattworld.ch\/en\/wp-json\/wp\/v2\/types\/page"}],"author":[{"embeddable":true,"href":"https:\/\/www.wattworld.ch\/en\/wp-json\/wp\/v2\/users\/2"}],"replies":[{"embeddable":true,"href":"https:\/\/www.wattworld.ch\/en\/wp-json\/wp\/v2\/comments?post=1356"}],"version-history":[{"count":4,"href":"https:\/\/www.wattworld.ch\/en\/wp-json\/wp\/v2\/pages\/1356\/revisions"}],"predecessor-version":[{"id":3401,"href":"https:\/\/www.wattworld.ch\/en\/wp-json\/wp\/v2\/pages\/1356\/revisions\/3401"}],"up":[{"embeddable":true,"href":"https:\/\/www.wattworld.ch\/en\/wp-json\/wp\/v2\/pages\/1354"}],"wp:attachment":[{"href":"https:\/\/www.wattworld.ch\/en\/wp-json\/wp\/v2\/media?parent=1356"}],"curies":[{"name":"wp","href":"https:\/\/api.w.org\/{rel}","templated":true}]}}