{"id":224,"date":"2016-03-23T19:50:26","date_gmt":"2016-03-23T18:50:26","guid":{"rendered":"https:\/\/www.wattworld.ch\/le-shop\/offres-speciales\/?lang=en"},"modified":"2024-05-23T15:46:54","modified_gmt":"2024-05-23T14:46:54","slug":"offres-accessoires-velos-electriques","status":"publish","type":"page","link":"https:\/\/www.wattworld.ch\/en\/velos-electriques-occasion-geneve\/offres-accessoires-velos-electriques\/","title":{"rendered":"Special Offers-Used Bikes"},"content":{"rendered":"<div class=\"wpb-content-wrapper\">[vc_row][vc_column][vc_wp_text]\n<div id=\"velocorner_member_bikes_app\" class=\"velocorner_member_bikes_app\" style=\"padding: 20px;\"><\/div>\n<p><script src=\"https:\/\/widget.velocorner.ch\/v2\/dist\/js\/velocorner_member_bikes_app.min.js\"><\/script><br \/>\n<script>\n      widget = new VelocornerMemberBikes({\n          container_selector: '#velocorner_member_bikes_app',\n\t\t  member_id: 19947,\n\t\t  items_per_page: 12,\n                  items_in_row: 4,\n                  category: 'ebikes',\n\t\t  scroll_top_offset: -60,\n                  disable_auto_scroll_on_init: true,\n\t\t  language: 'en',\n          ui_layout: {\n              search_bar: {\n                  position: 'top', \/\/ top, left, right\n                  visible: true\n              },\n              author_info_block: {\n                  visible: true\n              }\n          },\n      });\n    <\/script><\/p>\n<style>\n.velocorner_member_bikes_app {<br \/>\n    color: #3f4a6f;<br \/>\n    max-width: 100%;<br \/>\n    margin: 0 auto;<br \/>\n    font-family: 'Source Sans Pro',sans-serif;<br \/>\n}<br \/>\n.velocorner-filter-cont .category-switches-cont a.active {<br \/>\n    border: none;<br \/>\n    color: #ffffff;<br \/>\n    font-weight: 700;<br \/>\n    border-radius: 20px;<br \/>\n    background-color: #3f4a6f;<br \/>\n    border: 1px solid #dee2e6;<br \/>\n    margin-right: 10px;<br \/>\n}<br \/>\n.velocorner-filter-cont .category-switches-cont a {<br \/>\n    display: inline-block;<br \/>\n    flex-grow: 1;<br \/>\n    padding: 7px;<br \/>\n    font-size: 16px;<br \/>\n    text-align: center;<br \/>\n    text-decoration: none;<br \/>\n    color: #3f4a6f;<br \/>\n    border-radius: 20px;<br \/>\n    background-color: #ffffff;<br \/>\n    border: 1px solid #dee2e6;<br \/>\n    margin-right: 10px;<br \/>\n}<br \/>\n.velocorner-listing-block .v-card {<br \/>\n    position: relative;<br \/>\n    display: flex;<br \/>\n    flex-wrap: wrap;<br \/>\n    flex: 0 1 calc(25% - 15px * 2);<br \/>\n    flex-direction: column;<br \/>\n    margin: 0 15px 30px;<br \/>\n    border-radius: 8px;<br \/>\n    overflow: hidden;<br \/>\n    background-color: #f2f2f2;<br \/>\n    outline: 2px solid rgba(242,242,242,1);<br \/>\n}<br \/>\n<\/style>\n[\/vc_wp_text][\/vc_column][\/vc_row]\n<\/div>","protected":false},"excerpt":{"rendered":"<p>[vc_row][vc_column][vc_wp_text] [\/vc_wp_text][\/vc_column][\/vc_row]<\/p>\n","protected":false},"author":2,"featured_media":0,"parent":1353,"menu_order":0,"comment_status":"closed","ping_status":"closed","template":"","meta":{"footnotes":""},"class_list":["post-224","page","type-page","status-publish","hentry"],"yoast_head":"<!-- This site is optimized with the Yoast SEO plugin v26.3 - https:\/\/yoast.com\/wordpress\/plugins\/seo\/ -->\n<title>Wattworld | Special offer on electric bikes and accessories<\/title>\n<meta name=\"description\" content=\"Discover at Wattworld (switzerland) our very special offers on accessories and electric bikes.\" \/>\n<meta name=\"robots\" content=\"index, follow, max-snippet:-1, max-image-preview:large, max-video-preview:-1\" \/>\n<link rel=\"canonical\" href=\"https:\/\/www.wattworld.ch\/en\/velos-electriques-occasion-geneve\/offres-accessoires-velos-electriques\/\" \/>\n<meta property=\"og:locale\" content=\"en_US\" \/>\n<meta property=\"og:type\" content=\"article\" \/>\n<meta property=\"og:title\" content=\"Wattworld | Special offer on electric bikes and accessories\" \/>\n<meta property=\"og:description\" content=\"Discover at Wattworld (switzerland) our very special offers on accessories and electric bikes.\" \/>\n<meta property=\"og:url\" content=\"https:\/\/www.wattworld.ch\/en\/velos-electriques-occasion-geneve\/offres-accessoires-velos-electriques\/\" \/>\n<meta property=\"og:site_name\" content=\"Wattworld\" \/>\n<meta property=\"article:modified_time\" content=\"2024-05-23T14:46:54+00:00\" \/>\n<meta name=\"twitter:card\" content=\"summary_large_image\" \/>\n<meta name=\"twitter:label1\" content=\"Est. reading time\" \/>\n\t<meta name=\"twitter:data1\" content=\"1 minute\" \/>\n<script type=\"application\/ld+json\" class=\"yoast-schema-graph\">{\"@context\":\"https:\/\/schema.org\",\"@graph\":[{\"@type\":\"WebPage\",\"@id\":\"https:\/\/www.wattworld.ch\/en\/velos-electriques-occasion-geneve\/offres-accessoires-velos-electriques\/\",\"url\":\"https:\/\/www.wattworld.ch\/en\/velos-electriques-occasion-geneve\/offres-accessoires-velos-electriques\/\",\"name\":\"Wattworld | Special offer on electric bikes and accessories\",\"isPartOf\":{\"@id\":\"https:\/\/www.wattworld.ch\/#website\"},\"datePublished\":\"2016-03-23T18:50:26+00:00\",\"dateModified\":\"2024-05-23T14:46:54+00:00\",\"description\":\"Discover at Wattworld (switzerland) our very special offers on accessories and electric bikes.\",\"breadcrumb\":{\"@id\":\"https:\/\/www.wattworld.ch\/en\/velos-electriques-occasion-geneve\/offres-accessoires-velos-electriques\/#breadcrumb\"},\"inLanguage\":\"en-US\",\"potentialAction\":[{\"@type\":\"ReadAction\",\"target\":[\"https:\/\/www.wattworld.ch\/en\/velos-electriques-occasion-geneve\/offres-accessoires-velos-electriques\/\"]}]},{\"@type\":\"BreadcrumbList\",\"@id\":\"https:\/\/www.wattworld.ch\/en\/velos-electriques-occasion-geneve\/offres-accessoires-velos-electriques\/#breadcrumb\",\"itemListElement\":[{\"@type\":\"ListItem\",\"position\":1,\"name\":\"Accueil\",\"item\":\"https:\/\/www.wattworld.ch\/en\/\"},{\"@type\":\"ListItem\",\"position\":2,\"name\":\"Store and repair shop\",\"item\":\"https:\/\/www.wattworld.ch\/en\/velos-electriques-occasion-geneve\/\"},{\"@type\":\"ListItem\",\"position\":3,\"name\":\"Special Offers-Used Bikes\"}]},{\"@type\":\"WebSite\",\"@id\":\"https:\/\/www.wattworld.ch\/#website\",\"url\":\"https:\/\/www.wattworld.ch\/\",\"name\":\"Wattworld\",\"description\":\"Sp\u00e9cialiste du v\u00e9lo \u00e9lectrique \u00e0 Gen\u00e8ve\",\"potentialAction\":[{\"@type\":\"SearchAction\",\"target\":{\"@type\":\"EntryPoint\",\"urlTemplate\":\"https:\/\/www.wattworld.ch\/?s={search_term_string}\"},\"query-input\":{\"@type\":\"PropertyValueSpecification\",\"valueRequired\":true,\"valueName\":\"search_term_string\"}}],\"inLanguage\":\"en-US\"}]}<\/script>\n<!-- \/ Yoast SEO plugin. -->","yoast_head_json":{"title":"Wattworld | Special offer on electric bikes and accessories","description":"Discover at Wattworld (switzerland) our very special offers on accessories and electric bikes.","robots":{"index":"index","follow":"follow","max-snippet":"max-snippet:-1","max-image-preview":"max-image-preview:large","max-video-preview":"max-video-preview:-1"},"canonical":"https:\/\/www.wattworld.ch\/en\/velos-electriques-occasion-geneve\/offres-accessoires-velos-electriques\/","og_locale":"en_US","og_type":"article","og_title":"Wattworld | Special offer on electric bikes and accessories","og_description":"Discover at Wattworld (switzerland) our very special offers on accessories and electric bikes.","og_url":"https:\/\/www.wattworld.ch\/en\/velos-electriques-occasion-geneve\/offres-accessoires-velos-electriques\/","og_site_name":"Wattworld","article_modified_time":"2024-05-23T14:46:54+00:00","twitter_card":"summary_large_image","twitter_misc":{"Est. reading time":"1 minute"},"schema":{"@context":"https:\/\/schema.org","@graph":[{"@type":"WebPage","@id":"https:\/\/www.wattworld.ch\/en\/velos-electriques-occasion-geneve\/offres-accessoires-velos-electriques\/","url":"https:\/\/www.wattworld.ch\/en\/velos-electriques-occasion-geneve\/offres-accessoires-velos-electriques\/","name":"Wattworld | Special offer on electric bikes and accessories","isPartOf":{"@id":"https:\/\/www.wattworld.ch\/#website"},"datePublished":"2016-03-23T18:50:26+00:00","dateModified":"2024-05-23T14:46:54+00:00","description":"Discover at Wattworld (switzerland) our very special offers on accessories and electric bikes.","breadcrumb":{"@id":"https:\/\/www.wattworld.ch\/en\/velos-electriques-occasion-geneve\/offres-accessoires-velos-electriques\/#breadcrumb"},"inLanguage":"en-US","potentialAction":[{"@type":"ReadAction","target":["https:\/\/www.wattworld.ch\/en\/velos-electriques-occasion-geneve\/offres-accessoires-velos-electriques\/"]}]},{"@type":"BreadcrumbList","@id":"https:\/\/www.wattworld.ch\/en\/velos-electriques-occasion-geneve\/offres-accessoires-velos-electriques\/#breadcrumb","itemListElement":[{"@type":"ListItem","position":1,"name":"Accueil","item":"https:\/\/www.wattworld.ch\/en\/"},{"@type":"ListItem","position":2,"name":"Store and repair shop","item":"https:\/\/www.wattworld.ch\/en\/velos-electriques-occasion-geneve\/"},{"@type":"ListItem","position":3,"name":"Special Offers-Used Bikes"}]},{"@type":"WebSite","@id":"https:\/\/www.wattworld.ch\/#website","url":"https:\/\/www.wattworld.ch\/","name":"Wattworld","description":"Sp\u00e9cialiste du v\u00e9lo \u00e9lectrique \u00e0 Gen\u00e8ve","potentialAction":[{"@type":"SearchAction","target":{"@type":"EntryPoint","urlTemplate":"https:\/\/www.wattworld.ch\/?s={search_term_string}"},"query-input":{"@type":"PropertyValueSpecification","valueRequired":true,"valueName":"search_term_string"}}],"inLanguage":"en-US"}]}},"_links":{"self":[{"href":"https:\/\/www.wattworld.ch\/en\/wp-json\/wp\/v2\/pages\/224","targetHints":{"allow":["GET"]}}],"collection":[{"href":"https:\/\/www.wattworld.ch\/en\/wp-json\/wp\/v2\/pages"}],"about":[{"href":"https:\/\/www.wattworld.ch\/en\/wp-json\/wp\/v2\/types\/page"}],"author":[{"embeddable":true,"href":"https:\/\/www.wattworld.ch\/en\/wp-json\/wp\/v2\/users\/2"}],"replies":[{"embeddable":true,"href":"https:\/\/www.wattworld.ch\/en\/wp-json\/wp\/v2\/comments?post=224"}],"version-history":[{"count":18,"href":"https:\/\/www.wattworld.ch\/en\/wp-json\/wp\/v2\/pages\/224\/revisions"}],"predecessor-version":[{"id":3915,"href":"https:\/\/www.wattworld.ch\/en\/wp-json\/wp\/v2\/pages\/224\/revisions\/3915"}],"up":[{"embeddable":true,"href":"https:\/\/www.wattworld.ch\/en\/wp-json\/wp\/v2\/pages\/1353"}],"wp:attachment":[{"href":"https:\/\/www.wattworld.ch\/en\/wp-json\/wp\/v2\/media?parent=224"}],"curies":[{"name":"wp","href":"https:\/\/api.w.org\/{rel}","templated":true}]}}