{"id":236,"date":"2016-03-23T19:56:53","date_gmt":"2016-03-23T18:56:53","guid":{"rendered":"https:\/\/www.wattworld.ch\/le-systeme\/references\/?lang=en"},"modified":"2021-02-08T18:13:32","modified_gmt":"2021-02-08T17:13:32","slug":"partenaires-internationaux","status":"publish","type":"page","link":"https:\/\/www.wattworld.ch\/en\/partage-velos-electriques-suisse\/partenaires-internationaux\/","title":{"rendered":"International partners"},"content":{"rendered":"<div class=\"wpb-content-wrapper\">[vc_row][vc_column][vc_single_image image=&#8221;1529&#8243; img_size=&#8221;full&#8221; alignment=&#8221;center&#8221;][\/vc_column][\/vc_row][vc_row css=&#8221;.vc_custom_1600255210201{margin-bottom: 50px !important;padding-top: 0px !important;padding-right: 0px !important;padding-bottom: 0px !important;padding-left: 0px !important;}&#8221; el_class=&#8221;parts&#8221;][vc_column width=&#8221;1\/4&#8243;][vc_column_text]\n<div class=\"textLayer\">\n<div style=\"text-align: center;\" data-canvas-width=\"55.19551143919354\"><strong>Norway<\/strong><strong>\u00a0<\/strong>:<\/div>\n<div style=\"text-align: center;\" data-canvas-width=\"124.19396321370968\">\n<div data-canvas-width=\"124.19396321370968\">Otto Mobility AS<\/div>\n<div data-canvas-width=\"67.13873672951613\">Solheimveien 7<\/div>\n<div data-canvas-width=\"61.47759217209678\">1461 Lorenskogo<\/div>\n<div data-canvas-width=\"95.88109833\">679 00 400<\/div>\n<div data-canvas-width=\"156.76274061435484\"><a href=\"http:\/\/www.otto.no\/\">www.otto.no<\/a><\/div>\n<\/div>\n<\/div>\n[\/vc_column_text][\/vc_column][vc_column width=&#8221;1\/4&#8243;][vc_column_text]\n<div class=\"textLayer\">\n<div data-canvas-width=\"55.19551143919354\">\n<div class=\"textLayer\">\n<div style=\"text-align: center;\" data-canvas-width=\"156.76274061435484\"><strong>Hungary\u00a0<\/strong>:<\/div>\n<div style=\"text-align: center;\" data-canvas-width=\"175.60002857661289\">\n<div data-canvas-width=\"156.76274061435484\">E-bike Sharing Hungary Kft<br \/>\nF\u00fclem\u00fcle utca 3.<br \/>\nPecs, 7634<br \/>\nHongrie<\/div>\n<div data-canvas-width=\"149.3108234041935\"><a href=\"http:\/\/publicbikesystem.hu\/\" target=\"_blank\" rel=\"noopener\">www.publicbikesystem.hu<\/a><\/div>\n<\/div>\n<div style=\"text-align: center;\" data-canvas-width=\"52.97844832838709\"><\/div>\n<\/div>\n<\/div>\n<\/div>\n[\/vc_column_text][\/vc_column][vc_column width=&#8221;1\/4&#8243;][vc_column_text]\n<p style=\"text-align: center;\"><strong>Australia:<\/strong><br \/>\nBykko Pty Ltd<br \/>\n<span style=\"line-height: 1.5;\">Sydney Australia<\/span><br \/>\n+61 2 4946 7548<br \/>\nSkype ID: Monica.Sydney<br \/>\n<a href=\"http:\/\/www.interbike.com.au\">www.bykko.com.au<\/a><\/p>\n[\/vc_column_text][\/vc_column][vc_column width=&#8221;1\/4&#8243;][vc_column_text]\n<div class=\"textLayer\">\n<div data-canvas-width=\"55.19551143919354\">\n<div class=\"textLayer\">\n<div data-canvas-width=\"156.76274061435484\">\n<div class=\"textLayer\">\n<div data-canvas-width=\"52.97844832838709\">\n<div class=\"textLayer\">\n<div style=\"text-align: center;\" data-canvas-width=\"56.86984757177419\"><strong>France\u00a0:<\/strong><\/div>\n<div style=\"text-align: center;\" data-canvas-width=\"61.46618133629032\">Green ON<\/div>\n<div style=\"text-align: center;\" data-canvas-width=\"89.7726094548387\">127 rue Amelot<\/div>\n<div style=\"text-align: center;\" data-canvas-width=\"71.48281428870966\">75011 Paris<\/div>\n<div style=\"text-align: center;\" data-canvas-width=\"102.83699943725807\">+33 670 88 52 02<\/div>\n<div style=\"text-align: center;\" data-canvas-width=\"92.65468365958067\"><a href=\"http:\/\/www.green-on.fr\" target=\"_blank\" rel=\"noopener\">www.green-on.fr<\/a><\/div>\n<\/div>\n<p style=\"text-align: center;\">\n<\/div>\n<\/div>\n<\/div>\n<\/div>\n<\/div>\n<\/div>\n[\/vc_column_text][\/vc_column][\/vc_row][vc_row css=&#8221;.vc_custom_1600255222826{margin-bottom: 50px !important;padding-top: 0px !important;padding-right: 0px !important;padding-bottom: 0px !important;padding-left: 0px !important;}&#8221; el_class=&#8221;parts2&#8243;][vc_column width=&#8221;1\/4&#8243;][vc_column_text]\n<div class=\"textLayer\">\n<div data-canvas-width=\"55.19551143919354\">\n<div class=\"textLayer\">\n<div style=\"text-align: center;\" data-canvas-width=\"30.322440319354833\"><strong>USA\u00a0<\/strong>:<\/div>\n<div style=\"text-align: center;\" data-canvas-width=\"82.81658104693545\">Spark Mobility\u00a0LLC<\/div>\n<div style=\"text-align: center;\" data-canvas-width=\"129.84865648258065\">505 W . Riversude Ave<\/div>\n<div style=\"text-align: center;\" data-canvas-width=\"51.02214151935484\">Stte 554\u00a0WA<\/div>\n<div style=\"text-align: center;\" data-canvas-width=\"86.21439462290323\">-99201 Spokane<\/div>\n<div style=\"text-align: center;\" data-canvas-width=\"89.25539049145162\">+1 509 252 0197<\/div>\n<div style=\"text-align: center;\" data-canvas-width=\"122.33565365370964\"><a href=\"http:\/\/www.sparkmobility.eu\" target=\"_blank\" rel=\"noopener\">www.sparkmobility.eu<\/a><\/div>\n<\/div>\n<\/div>\n<\/div>\n[\/vc_column_text][\/vc_column][vc_column width=&#8221;1\/4&#8243;][vc_column_text]\n<div class=\"textLayer\">\n<div data-canvas-width=\"55.19551143919354\">\n<div class=\"textLayer\">\n<div data-canvas-width=\"156.76274061435484\">\n<div class=\"textLayer\">\n<div style=\"text-align: center;\" data-canvas-width=\"56.86966937612902\">\n<div style=\"text-align: center;\" data-canvas-width=\"56.86966937612902\"><b>Slovaquie<\/b>:<\/div>\n<div style=\"text-align: center;\" data-canvas-width=\"67.12818921435485\">Jozef Kender &#8211; Kenzel<\/div>\n<div style=\"text-align: center;\" data-canvas-width=\"67.12818921435485\">Novoz\u00e1mock\u00e1 182<br \/>\nHurbanovo 947 01<br \/>\nSlovensko<\/div>\n<div style=\"text-align: center;\" data-canvas-width=\"67.12818921435485\">+421 35 761 0165<\/div>\n<div style=\"text-align: center;\" data-canvas-width=\"106.49889860225805\"><a href=\"http:\/\/www.kenzel.sk\">www.kenzel.sk<\/a><\/div>\n<\/div>\n<\/div>\n<\/div>\n<\/div>\n<\/div>\n<\/div>\n[\/vc_column_text][\/vc_column][vc_column width=&#8221;1\/4&#8243;][vc_column_text]\n<div style=\"text-align: center;\" data-canvas-width=\"56.86966937612902\">\n<div style=\"text-align: center;\" data-canvas-width=\"55.19551143919354\"><strong>Sweden<\/strong><strong>\u00a0<\/strong>:<\/div>\n<div style=\"text-align: center;\" data-canvas-width=\"124.19396321370968\">Move About AB<br \/>\nF\u00f6rsta L\u00e5nggatan 28 B<br \/>\n413 27 G\u00f6teborg, Sverige<br \/>\n<a class=\"Link__ExternalLinkStyled-sc-77c4u7-1 gDNtgb\" href=\"https:\/\/www.google.com\/maps\/place\/Move+About+AB\/@57.6994242,11.9450712,15z\/data=!4m5!3m4!1s0x0:0xc5a493b50a614f4!8m2!3d57.6994242!4d11.9450712\" target=\"_blank\" rel=\"noopener\">Hitta hit<\/a><\/div>\n<\/div>\n[\/vc_column_text][\/vc_column][\/vc_row][vc_row][vc_column][vc_column_text]\n<p style=\"text-align: center;\">For more information, please <a href=\"https:\/\/www.wattworld.ch\/contact\/?lang=en\">contact us<\/a>.<\/p>\n[\/vc_column_text][\/vc_column][\/vc_row]\n<\/div>","protected":false},"excerpt":{"rendered":"<p>[vc_row][vc_column][vc_single_image image=&#8221;1529&#8243; img_size=&#8221;full&#8221; alignment=&#8221;center&#8221;][\/vc_column][\/vc_row][vc_row css=&#8221;.vc_custom_1600255210201{margin-bottom: 50px !important;padding-top: 0px !important;padding-right: 0px !important;padding-bottom: 0px !important;padding-left: 0px !important;}&#8221; el_class=&#8221;parts&#8221;][vc_column width=&#8221;1\/4&#8243;][vc_column_text] Norway\u00a0: Otto Mobility AS Solheimveien 7 1461 Lorenskogo 679 00 400 www.otto.no [\/vc_column_text][\/vc_column][vc_column width=&#8221;1\/4&#8243;][vc_column_text] Hungary\u00a0: E-bike Sharing Hungary Kft F\u00fclem\u00fcle utca 3. Pecs, 7634 Hongrie www.publicbikesystem.hu [\/vc_column_text][\/vc_column][vc_column width=&#8221;1\/4&#8243;][vc_column_text] Australia: Bykko Pty Ltd Sydney Australia +61 2 4946 7548 [&hellip;]<\/p>\n","protected":false},"author":2,"featured_media":0,"parent":1354,"menu_order":0,"comment_status":"closed","ping_status":"closed","template":"","meta":{"footnotes":""},"class_list":["post-236","page","type-page","status-publish","hentry"],"yoast_head":"<!-- This site is optimized with the Yoast SEO plugin v27.4 - https:\/\/yoast.com\/product\/yoast-seo-wordpress\/ -->\n<title>Wattworld | International partners electric bikes<\/title>\n<meta name=\"description\" content=\"Check out our different international partners for electric bikes\" \/>\n<meta name=\"robots\" content=\"index, follow, max-snippet:-1, max-image-preview:large, max-video-preview:-1\" \/>\n<link rel=\"canonical\" href=\"https:\/\/www.wattworld.ch\/en\/partage-velos-electriques-suisse\/partenaires-internationaux\/\" \/>\n<meta property=\"og:locale\" content=\"en_US\" \/>\n<meta property=\"og:type\" content=\"article\" \/>\n<meta property=\"og:title\" content=\"Wattworld | International partners electric bikes\" \/>\n<meta property=\"og:description\" content=\"Check out our different international partners for electric bikes\" \/>\n<meta property=\"og:url\" content=\"https:\/\/www.wattworld.ch\/en\/partage-velos-electriques-suisse\/partenaires-internationaux\/\" \/>\n<meta property=\"og:site_name\" content=\"Wattworld\" \/>\n<meta property=\"article:modified_time\" content=\"2021-02-08T17:13:32+00:00\" \/>\n<meta name=\"twitter:card\" content=\"summary_large_image\" \/>\n<meta name=\"twitter:label1\" content=\"Est. reading time\" \/>\n\t<meta name=\"twitter:data1\" content=\"1 minute\" \/>\n<script type=\"application\/ld+json\" class=\"yoast-schema-graph\">{\"@context\":\"https:\\\/\\\/schema.org\",\"@graph\":[{\"@type\":\"WebPage\",\"@id\":\"https:\\\/\\\/www.wattworld.ch\\\/en\\\/partage-velos-electriques-suisse\\\/partenaires-internationaux\\\/\",\"url\":\"https:\\\/\\\/www.wattworld.ch\\\/en\\\/partage-velos-electriques-suisse\\\/partenaires-internationaux\\\/\",\"name\":\"Wattworld | International partners electric bikes\",\"isPartOf\":{\"@id\":\"https:\\\/\\\/www.wattworld.ch\\\/#website\"},\"datePublished\":\"2016-03-23T18:56:53+00:00\",\"dateModified\":\"2021-02-08T17:13:32+00:00\",\"description\":\"Check out our different international partners for electric bikes\",\"breadcrumb\":{\"@id\":\"https:\\\/\\\/www.wattworld.ch\\\/en\\\/partage-velos-electriques-suisse\\\/partenaires-internationaux\\\/#breadcrumb\"},\"inLanguage\":\"en-US\",\"potentialAction\":[{\"@type\":\"ReadAction\",\"target\":[\"https:\\\/\\\/www.wattworld.ch\\\/en\\\/partage-velos-electriques-suisse\\\/partenaires-internationaux\\\/\"]}]},{\"@type\":\"BreadcrumbList\",\"@id\":\"https:\\\/\\\/www.wattworld.ch\\\/en\\\/partage-velos-electriques-suisse\\\/partenaires-internationaux\\\/#breadcrumb\",\"itemListElement\":[{\"@type\":\"ListItem\",\"position\":1,\"name\":\"Accueil\",\"item\":\"https:\\\/\\\/www.wattworld.ch\\\/en\\\/\"},{\"@type\":\"ListItem\",\"position\":2,\"name\":\"System\",\"item\":\"https:\\\/\\\/www.wattworld.ch\\\/en\\\/partage-velos-electriques-suisse\\\/\"},{\"@type\":\"ListItem\",\"position\":3,\"name\":\"International partners\"}]},{\"@type\":\"WebSite\",\"@id\":\"https:\\\/\\\/www.wattworld.ch\\\/#website\",\"url\":\"https:\\\/\\\/www.wattworld.ch\\\/\",\"name\":\"Wattworld\",\"description\":\"Sp\u00e9cialiste du v\u00e9lo \u00e9lectrique \u00e0 Gen\u00e8ve\",\"potentialAction\":[{\"@type\":\"SearchAction\",\"target\":{\"@type\":\"EntryPoint\",\"urlTemplate\":\"https:\\\/\\\/www.wattworld.ch\\\/?s={search_term_string}\"},\"query-input\":{\"@type\":\"PropertyValueSpecification\",\"valueRequired\":true,\"valueName\":\"search_term_string\"}}],\"inLanguage\":\"en-US\"}]}<\/script>\n<!-- \/ Yoast SEO plugin. -->","yoast_head_json":{"title":"Wattworld | International partners electric bikes","description":"Check out our different international partners for electric bikes","robots":{"index":"index","follow":"follow","max-snippet":"max-snippet:-1","max-image-preview":"max-image-preview:large","max-video-preview":"max-video-preview:-1"},"canonical":"https:\/\/www.wattworld.ch\/en\/partage-velos-electriques-suisse\/partenaires-internationaux\/","og_locale":"en_US","og_type":"article","og_title":"Wattworld | International partners electric bikes","og_description":"Check out our different international partners for electric bikes","og_url":"https:\/\/www.wattworld.ch\/en\/partage-velos-electriques-suisse\/partenaires-internationaux\/","og_site_name":"Wattworld","article_modified_time":"2021-02-08T17:13:32+00:00","twitter_card":"summary_large_image","twitter_misc":{"Est. reading time":"1 minute"},"schema":{"@context":"https:\/\/schema.org","@graph":[{"@type":"WebPage","@id":"https:\/\/www.wattworld.ch\/en\/partage-velos-electriques-suisse\/partenaires-internationaux\/","url":"https:\/\/www.wattworld.ch\/en\/partage-velos-electriques-suisse\/partenaires-internationaux\/","name":"Wattworld | International partners electric bikes","isPartOf":{"@id":"https:\/\/www.wattworld.ch\/#website"},"datePublished":"2016-03-23T18:56:53+00:00","dateModified":"2021-02-08T17:13:32+00:00","description":"Check out our different international partners for electric bikes","breadcrumb":{"@id":"https:\/\/www.wattworld.ch\/en\/partage-velos-electriques-suisse\/partenaires-internationaux\/#breadcrumb"},"inLanguage":"en-US","potentialAction":[{"@type":"ReadAction","target":["https:\/\/www.wattworld.ch\/en\/partage-velos-electriques-suisse\/partenaires-internationaux\/"]}]},{"@type":"BreadcrumbList","@id":"https:\/\/www.wattworld.ch\/en\/partage-velos-electriques-suisse\/partenaires-internationaux\/#breadcrumb","itemListElement":[{"@type":"ListItem","position":1,"name":"Accueil","item":"https:\/\/www.wattworld.ch\/en\/"},{"@type":"ListItem","position":2,"name":"System","item":"https:\/\/www.wattworld.ch\/en\/partage-velos-electriques-suisse\/"},{"@type":"ListItem","position":3,"name":"International partners"}]},{"@type":"WebSite","@id":"https:\/\/www.wattworld.ch\/#website","url":"https:\/\/www.wattworld.ch\/","name":"Wattworld","description":"Sp\u00e9cialiste du v\u00e9lo \u00e9lectrique \u00e0 Gen\u00e8ve","potentialAction":[{"@type":"SearchAction","target":{"@type":"EntryPoint","urlTemplate":"https:\/\/www.wattworld.ch\/?s={search_term_string}"},"query-input":{"@type":"PropertyValueSpecification","valueRequired":true,"valueName":"search_term_string"}}],"inLanguage":"en-US"}]}},"_links":{"self":[{"href":"https:\/\/www.wattworld.ch\/en\/wp-json\/wp\/v2\/pages\/236","targetHints":{"allow":["GET"]}}],"collection":[{"href":"https:\/\/www.wattworld.ch\/en\/wp-json\/wp\/v2\/pages"}],"about":[{"href":"https:\/\/www.wattworld.ch\/en\/wp-json\/wp\/v2\/types\/page"}],"author":[{"embeddable":true,"href":"https:\/\/www.wattworld.ch\/en\/wp-json\/wp\/v2\/users\/2"}],"replies":[{"embeddable":true,"href":"https:\/\/www.wattworld.ch\/en\/wp-json\/wp\/v2\/comments?post=236"}],"version-history":[{"count":24,"href":"https:\/\/www.wattworld.ch\/en\/wp-json\/wp\/v2\/pages\/236\/revisions"}],"predecessor-version":[{"id":3375,"href":"https:\/\/www.wattworld.ch\/en\/wp-json\/wp\/v2\/pages\/236\/revisions\/3375"}],"up":[{"embeddable":true,"href":"https:\/\/www.wattworld.ch\/en\/wp-json\/wp\/v2\/pages\/1354"}],"wp:attachment":[{"href":"https:\/\/www.wattworld.ch\/en\/wp-json\/wp\/v2\/media?parent=236"}],"curies":[{"name":"wp","href":"https:\/\/api.w.org\/{rel}","templated":true}]}}