{"id":3336,"date":"2021-02-02T11:46:27","date_gmt":"2021-02-02T10:46:27","guid":{"rendered":"https:\/\/www.wattworld.ch\/?page_id=3336"},"modified":"2021-02-23T15:32:28","modified_gmt":"2021-02-23T14:32:28","slug":"smart-lock","status":"publish","type":"page","link":"https:\/\/www.wattworld.ch\/en\/smart-lock\/","title":{"rendered":"Smart Lock"},"content":{"rendered":"<div class=\"wpb-content-wrapper\">[vc_row][vc_column][vc_column_text]As an option, a connected padlock can be installed on the rear wheel. This padlock is permanently connected to the service&#8217;s computer server via a 4G connection. It allows users to release a bike either via their smartphone (QRcode scan) or via their RFID badge.<\/p>\n<p>The connected padlock allows the user who wants to stop during a ride to lock his bike in the street. For safety, the padlock is equipped with a GPS chip that transmits the position of the bike to the server at all times.<br \/>\nThe connected padlock is especially interesting in multi-station parks, allowing the user arriving on a station without a free place to lock his bike and thus be able to complete his loan.[\/vc_column_text][\/vc_column][\/vc_row][vc_row][vc_column][vc_single_image image=&#8221;3386&#8243; img_size=&#8221;full&#8221;][\/vc_column][\/vc_row]\n<\/div>","protected":false},"excerpt":{"rendered":"<p>[vc_row][vc_column][vc_column_text]As an option, a connected padlock can be installed on the rear wheel. This padlock is permanently connected to the service&#8217;s computer server via a 4G connection. It allows users to release a bike either via their smartphone (QRcode scan) or via their RFID badge. The connected padlock allows the user who wants to stop [&hellip;]<\/p>\n","protected":false},"author":3,"featured_media":0,"parent":0,"menu_order":0,"comment_status":"closed","ping_status":"closed","template":"","meta":{"footnotes":""},"class_list":["post-3336","page","type-page","status-publish","hentry"],"yoast_head":"<!-- This site is optimized with the Yoast SEO plugin v26.3 - https:\/\/yoast.com\/wordpress\/plugins\/seo\/ -->\n<title>Smart Lock - Wattworld<\/title>\n<meta name=\"robots\" content=\"index, follow, max-snippet:-1, max-image-preview:large, max-video-preview:-1\" \/>\n<link rel=\"canonical\" href=\"https:\/\/www.wattworld.ch\/en\/smart-lock\/\" \/>\n<meta property=\"og:locale\" content=\"en_US\" \/>\n<meta property=\"og:type\" content=\"article\" \/>\n<meta property=\"og:title\" content=\"Smart Lock - Wattworld\" \/>\n<meta property=\"og:description\" content=\"[vc_row][vc_column][vc_column_text]As an option, a connected padlock can be installed on the rear wheel. This padlock is permanently connected to the service&#8217;s computer server via a 4G connection. It allows users to release a bike either via their smartphone (QRcode scan) or via their RFID badge. The connected padlock allows the user who wants to stop [&hellip;]\" \/>\n<meta property=\"og:url\" content=\"https:\/\/www.wattworld.ch\/en\/smart-lock\/\" \/>\n<meta property=\"og:site_name\" content=\"Wattworld\" \/>\n<meta property=\"article:modified_time\" content=\"2021-02-23T14:32:28+00:00\" \/>\n<meta name=\"twitter:card\" content=\"summary_large_image\" \/>\n<meta name=\"twitter:label1\" content=\"Est. reading time\" \/>\n\t<meta name=\"twitter:data1\" content=\"1 minute\" \/>\n<script type=\"application\/ld+json\" class=\"yoast-schema-graph\">{\"@context\":\"https:\/\/schema.org\",\"@graph\":[{\"@type\":\"WebPage\",\"@id\":\"https:\/\/www.wattworld.ch\/en\/smart-lock\/\",\"url\":\"https:\/\/www.wattworld.ch\/en\/smart-lock\/\",\"name\":\"Smart Lock - Wattworld\",\"isPartOf\":{\"@id\":\"https:\/\/www.wattworld.ch\/#website\"},\"datePublished\":\"2021-02-02T10:46:27+00:00\",\"dateModified\":\"2021-02-23T14:32:28+00:00\",\"breadcrumb\":{\"@id\":\"https:\/\/www.wattworld.ch\/en\/smart-lock\/#breadcrumb\"},\"inLanguage\":\"en-US\",\"potentialAction\":[{\"@type\":\"ReadAction\",\"target\":[\"https:\/\/www.wattworld.ch\/en\/smart-lock\/\"]}]},{\"@type\":\"BreadcrumbList\",\"@id\":\"https:\/\/www.wattworld.ch\/en\/smart-lock\/#breadcrumb\",\"itemListElement\":[{\"@type\":\"ListItem\",\"position\":1,\"name\":\"Accueil\",\"item\":\"https:\/\/www.wattworld.ch\/en\/\"},{\"@type\":\"ListItem\",\"position\":2,\"name\":\"Smart Lock\"}]},{\"@type\":\"WebSite\",\"@id\":\"https:\/\/www.wattworld.ch\/#website\",\"url\":\"https:\/\/www.wattworld.ch\/\",\"name\":\"Wattworld\",\"description\":\"Sp\u00e9cialiste du v\u00e9lo \u00e9lectrique \u00e0 Gen\u00e8ve\",\"potentialAction\":[{\"@type\":\"SearchAction\",\"target\":{\"@type\":\"EntryPoint\",\"urlTemplate\":\"https:\/\/www.wattworld.ch\/?s={search_term_string}\"},\"query-input\":{\"@type\":\"PropertyValueSpecification\",\"valueRequired\":true,\"valueName\":\"search_term_string\"}}],\"inLanguage\":\"en-US\"}]}<\/script>\n<!-- \/ Yoast SEO plugin. -->","yoast_head_json":{"title":"Smart Lock - Wattworld","robots":{"index":"index","follow":"follow","max-snippet":"max-snippet:-1","max-image-preview":"max-image-preview:large","max-video-preview":"max-video-preview:-1"},"canonical":"https:\/\/www.wattworld.ch\/en\/smart-lock\/","og_locale":"en_US","og_type":"article","og_title":"Smart Lock - Wattworld","og_description":"[vc_row][vc_column][vc_column_text]As an option, a connected padlock can be installed on the rear wheel. This padlock is permanently connected to the service&#8217;s computer server via a 4G connection. It allows users to release a bike either via their smartphone (QRcode scan) or via their RFID badge. The connected padlock allows the user who wants to stop [&hellip;]","og_url":"https:\/\/www.wattworld.ch\/en\/smart-lock\/","og_site_name":"Wattworld","article_modified_time":"2021-02-23T14:32:28+00:00","twitter_card":"summary_large_image","twitter_misc":{"Est. reading time":"1 minute"},"schema":{"@context":"https:\/\/schema.org","@graph":[{"@type":"WebPage","@id":"https:\/\/www.wattworld.ch\/en\/smart-lock\/","url":"https:\/\/www.wattworld.ch\/en\/smart-lock\/","name":"Smart Lock - Wattworld","isPartOf":{"@id":"https:\/\/www.wattworld.ch\/#website"},"datePublished":"2021-02-02T10:46:27+00:00","dateModified":"2021-02-23T14:32:28+00:00","breadcrumb":{"@id":"https:\/\/www.wattworld.ch\/en\/smart-lock\/#breadcrumb"},"inLanguage":"en-US","potentialAction":[{"@type":"ReadAction","target":["https:\/\/www.wattworld.ch\/en\/smart-lock\/"]}]},{"@type":"BreadcrumbList","@id":"https:\/\/www.wattworld.ch\/en\/smart-lock\/#breadcrumb","itemListElement":[{"@type":"ListItem","position":1,"name":"Accueil","item":"https:\/\/www.wattworld.ch\/en\/"},{"@type":"ListItem","position":2,"name":"Smart Lock"}]},{"@type":"WebSite","@id":"https:\/\/www.wattworld.ch\/#website","url":"https:\/\/www.wattworld.ch\/","name":"Wattworld","description":"Sp\u00e9cialiste du v\u00e9lo \u00e9lectrique \u00e0 Gen\u00e8ve","potentialAction":[{"@type":"SearchAction","target":{"@type":"EntryPoint","urlTemplate":"https:\/\/www.wattworld.ch\/?s={search_term_string}"},"query-input":{"@type":"PropertyValueSpecification","valueRequired":true,"valueName":"search_term_string"}}],"inLanguage":"en-US"}]}},"_links":{"self":[{"href":"https:\/\/www.wattworld.ch\/en\/wp-json\/wp\/v2\/pages\/3336","targetHints":{"allow":["GET"]}}],"collection":[{"href":"https:\/\/www.wattworld.ch\/en\/wp-json\/wp\/v2\/pages"}],"about":[{"href":"https:\/\/www.wattworld.ch\/en\/wp-json\/wp\/v2\/types\/page"}],"author":[{"embeddable":true,"href":"https:\/\/www.wattworld.ch\/en\/wp-json\/wp\/v2\/users\/3"}],"replies":[{"embeddable":true,"href":"https:\/\/www.wattworld.ch\/en\/wp-json\/wp\/v2\/comments?post=3336"}],"version-history":[{"count":3,"href":"https:\/\/www.wattworld.ch\/en\/wp-json\/wp\/v2\/pages\/3336\/revisions"}],"predecessor-version":[{"id":3389,"href":"https:\/\/www.wattworld.ch\/en\/wp-json\/wp\/v2\/pages\/3336\/revisions\/3389"}],"wp:attachment":[{"href":"https:\/\/www.wattworld.ch\/en\/wp-json\/wp\/v2\/media?parent=3336"}],"curies":[{"name":"wp","href":"https:\/\/api.w.org\/{rel}","templated":true}]}}